{"id":92,"date":"2017-06-01T11:57:19","date_gmt":"2017-06-01T09:57:19","guid":{"rendered":"http:\/\/medecinechinoise-massage.com\/?page_id=92"},"modified":"2017-06-21T09:09:54","modified_gmt":"2017-06-21T07:09:54","slug":"ventouses","status":"publish","type":"page","link":"http:\/\/medecinechinoise-massage.com\/index.php\/ventouses\/","title":{"rendered":"Ventouses"},"content":{"rendered":"<div class=\"csRow\">\n<div class=\"csColumnGap\" style=\"margin: 0px; padding: 0px; float: left; width: 1.56%;\"><img src=\"http:\/\/medecinechinoise-massage.com\/wp-content\/plugins\/advanced-wp-columns\/assets\/js\/plugins\/views\/img\/1x1-pixel.png\" \/><\/div>\n<div class=\"csColumn\" style=\"margin: 0px; padding: 0px; float: left; width: 47.6%;\" data-csstartpoint=\"15\" data-csendpoint=\"472\" data-cswidth=\"47.6%\" data-csid=\"5fae4343-64dd-f843-8b31-ce0032610d39\">\n<p>Cit\u00e9es par Hippocrate dans <em>L\u2019art de gu\u00e9rir<\/em>, les ventouses sont utilis\u00e9es depuis des si\u00e8cles par les chinois, les grecs, les indiens et les arabes. En M\u00e9decine Traditionnelle Chinoise il s\u2019agit d\u2019un outil th\u00e9rapeutique efficace utilis\u00e9 sur les points d\u2019acupuncture et dont l\u2019action est antalgique, \u00e9nerg\u00e9tique et circulatoire.<\/p>\n<p>&nbsp;<\/p>\n<p>L\u2019aspiration provoqu\u00e9 par les ventouses a pour effet de lib\u00e9rer des endorphines, d\u00e9congestionnant ainsi une zone douloureuse. Aussi, en relan\u00e7ant la circulation sanguine, cette technique permet de dynamiser le syst\u00e8me immunitaire dans son ensemble. Principalement utilis\u00e9es pour traiter des tensions musculaires, les ventouses ont \u00e9galement prouv\u00e9es leur efficacit\u00e9 sur les troubles pulmonaires et la r\u00e9duction de la cellulite.<\/p>\n<p>&nbsp;<\/p>\n<\/div>\n<div class=\"csColumnGap\" style=\"margin: 0px; padding: 0px; float: left; width: 1.56%;\"><img src=\"http:\/\/medecinechinoise-massage.com\/wp-content\/plugins\/advanced-wp-columns\/assets\/js\/plugins\/views\/img\/1x1-pixel.png\" \/><\/div>\n<div class=\"csColumn\" style=\"margin: 0px; padding: 0px; float: left; width: 47.7%;\" data-csstartpoint=\"487\" data-csendpoint=\"945\" data-cswidth=\"47.7%\" data-csid=\"05d08a84-5f9d-c1fa-9368-668a63b594ec\">\n<p><img loading=\"lazy\" class=\"aligncenter size-medium wp-image-249\" src=\"http:\/\/medecinechinoise-massage.com\/wp-content\/uploads\/2017\/06\/ventouse-200x300.jpg\" alt=\"\" width=\"200\" height=\"300\" srcset=\"http:\/\/medecinechinoise-massage.com\/wp-content\/uploads\/2017\/06\/ventouse-200x300.jpg 200w, http:\/\/medecinechinoise-massage.com\/wp-content\/uploads\/2017\/06\/ventouse.jpg 402w\" sizes=\"(max-width: 200px) 100vw, 200px\" \/><\/p>\n<\/div>\n<div class=\"csColumnGap\" style=\"margin: 0px; padding: 0px; float: left; width: 1.56%;\"><img src=\"http:\/\/medecinechinoise-massage.com\/wp-content\/plugins\/advanced-wp-columns\/assets\/js\/plugins\/views\/img\/1x1-pixel.png\" \/><\/div>\n<div style=\"clear: both; float: none; display: block; visibility: hidden; width: 0px; font-size: 0px; line-height: 0;\"><\/div>\n<\/div>\n<p>&nbsp;<\/p>\n","protected":false},"excerpt":{"rendered":"<p>Cit\u00e9es par Hippocrate dans L\u2019art de gu\u00e9rir, les ventouses sont utilis\u00e9es depuis des si\u00e8cles par les chinois, les grecs, les indiens et les arabes. En M\u00e9decine Traditionnelle Chinoise il s\u2019agit d\u2019un outil th\u00e9rapeutique efficace utilis\u00e9 sur les points d\u2019acupuncture et dont l\u2019action est antalgique, \u00e9nerg\u00e9tique et circulatoire. &nbsp; L\u2019aspiration provoqu\u00e9 par les ventouses a pour effet de lib\u00e9rer des endorphines, d\u00e9congestionnant ainsi une zone douloureuse. Aussi, en relan\u00e7ant la circulation sanguine, cette technique permet de dynamiser le syst\u00e8me immunitaire dans<a class=\"more-link\" href=\"http:\/\/medecinechinoise-massage.com\/index.php\/ventouses\/\">Read More<span>&#8594;<\/span><\/a><\/p>\n","protected":false},"author":1,"featured_media":0,"parent":0,"menu_order":0,"comment_status":"closed","ping_status":"closed","template":"template-full-width.php","meta":[],"_links":{"self":[{"href":"http:\/\/medecinechinoise-massage.com\/index.php\/wp-json\/wp\/v2\/pages\/92"}],"collection":[{"href":"http:\/\/medecinechinoise-massage.com\/index.php\/wp-json\/wp\/v2\/pages"}],"about":[{"href":"http:\/\/medecinechinoise-massage.com\/index.php\/wp-json\/wp\/v2\/types\/page"}],"author":[{"embeddable":true,"href":"http:\/\/medecinechinoise-massage.com\/index.php\/wp-json\/wp\/v2\/users\/1"}],"replies":[{"embeddable":true,"href":"http:\/\/medecinechinoise-massage.com\/index.php\/wp-json\/wp\/v2\/comments?post=92"}],"version-history":[{"count":6,"href":"http:\/\/medecinechinoise-massage.com\/index.php\/wp-json\/wp\/v2\/pages\/92\/revisions"}],"predecessor-version":[{"id":280,"href":"http:\/\/medecinechinoise-massage.com\/index.php\/wp-json\/wp\/v2\/pages\/92\/revisions\/280"}],"wp:attachment":[{"href":"http:\/\/medecinechinoise-massage.com\/index.php\/wp-json\/wp\/v2\/media?parent=92"}],"curies":[{"name":"wp","href":"https:\/\/api.w.org\/{rel}","templated":true}]}}