{"id":69,"date":"2017-06-01T11:35:05","date_gmt":"2017-06-01T09:35:05","guid":{"rendered":"http:\/\/medecinechinoise-massage.com\/?page_id=69"},"modified":"2017-06-21T12:39:36","modified_gmt":"2017-06-21T10:39:36","slug":"deroulement-seance","status":"publish","type":"page","link":"http:\/\/medecinechinoise-massage.com\/index.php\/deroulement-seance\/","title":{"rendered":"D\u00e9roulement s\u00e9ance"},"content":{"rendered":"<div class=\"csRow\">\n<div class=\"csColumnGap\" style=\"margin: 0px; padding: 0px; float: left; width: 1.56%;\"><img src=\"http:\/\/medecinechinoise-massage.com\/wp-content\/plugins\/advanced-wp-columns\/assets\/js\/plugins\/views\/img\/1x1-pixel.png\" \/><\/div>\n<div class=\"csColumn\" style=\"margin: 0px; padding: 0px; float: left; width: 47.6%;\" data-csstartpoint=\"15\" data-csendpoint=\"472\" data-cswidth=\"47.6%\" data-csid=\"4e0df432-af93-be22-ae2b-7a8049502305\">\n<p>Une s\u00e9ance commence toujours par un moment d\u2019\u00e9change et d\u2019\u00e9coute entre le th\u00e9rapeute et le consultant. Avant tout soin, le th\u00e9rapeute<br \/>\nse renseignera sur l\u2019\u00e9tat g\u00e9n\u00e9ral du patient, la raison de la consultation<br \/>\net sur son mode de vie. Il examinera \u00e9galement l\u2019\u00e9tat de son pouls ainsi que l\u2019aspect de sa langue. En M\u00e9decine Traditionnelle Chinoise, le pouls, la langue et certaines zones sp\u00e9cifiques du corps (abdomen, points d\u2019acupuncture.) sont des indicateurs tr\u00e8s importants de l\u2019\u00e9tat de sant\u00e9<br \/>\ndu patient. Apr\u00e8s cette premi\u00e8re analyse, le th\u00e9rapeute pourra sugg\u00e9rer un protocole de soins adapt\u00e9s et personnalis\u00e9s dans le respect des choix et des besoins du patient.<\/p>\n<p>Les th\u00e9rapies utilis\u00e9es et le nombre de s\u00e9ances \u00e0 envisager peuvent varier en fonction\u00a0:<\/p>\n<div class=\"csRow\">\n<div class=\"csColumn\" data-csstartpoint=\"487\" data-csendpoint=\"945\" data-cswidth=\"47.7%\" data-csid=\"43754ada-7d40-958e-8d82-5996690953da\">\n<ul>\n<li>de l&rsquo;historique du patient<\/li>\n<li>des sympt\u00f4mes et de leur anciennet\u00e9<\/li>\n<\/ul>\n<p>Pour une premi\u00e8re s\u00e9ance de th\u00e9rapie en M\u00e9decine Chinoise, il faut compter 1h 30, les suivantes durent en g\u00e9n\u00e9ral 1h. Pour les s\u00e9ances<br \/>\nde th\u00e9rapie en massages, cela d\u00e9pend de la technique utilis\u00e9e, g\u00e9n\u00e9ralement entre 1h et 1h30.<\/p>\n<p>ATTENTION: L&rsquo;analyse effectu\u00e9e selon les principes de la M\u00e9decine Traditionnelle Chinoise est un outil compl\u00e9mentaire qui ne remplace<br \/>\npas le diagnostic \u00e9tabli par un m\u00e9decin.<\/p>\n<\/div>\n<div class=\"csColumnGap\"><img src=\"http:\/\/medecinechinoise-massage.com\/wp-content\/plugins\/advanced-wp-columns\/assets\/js\/plugins\/views\/img\/1x1-pixel.png\" \/><\/div>\n<div><\/div>\n<\/div>\n<p>&nbsp;<\/p>\n<\/div>\n<p><img src=\"http:\/\/medecinechinoise-massage.com\/wp-content\/plugins\/advanced-wp-columns\/assets\/js\/plugins\/views\/img\/1x1-pixel.png\" \/><\/p>\n<p><img loading=\"lazy\" class=\"size-medium wp-image-201 aligncenter\" src=\"http:\/\/medecinechinoise-massage.com\/wp-content\/uploads\/2017\/06\/prise-de-pouls-300x200.jpg\" alt=\"\" width=\"300\" height=\"200\" srcset=\"http:\/\/medecinechinoise-massage.com\/wp-content\/uploads\/2017\/06\/prise-de-pouls-300x200.jpg 300w, http:\/\/medecinechinoise-massage.com\/wp-content\/uploads\/2017\/06\/prise-de-pouls.jpg 602w\" sizes=\"(max-width: 300px) 100vw, 300px\" \/><\/p>\n<p>&nbsp;<\/p>\n<\/div>\n","protected":false},"excerpt":{"rendered":"<p>Une s\u00e9ance commence toujours par un moment d\u2019\u00e9change et d\u2019\u00e9coute entre le th\u00e9rapeute et le consultant. Avant tout soin, le th\u00e9rapeute se renseignera sur l\u2019\u00e9tat g\u00e9n\u00e9ral du patient, la raison de la consultation et sur son mode de vie. Il examinera \u00e9galement l\u2019\u00e9tat de son pouls ainsi que l\u2019aspect de sa langue. En M\u00e9decine Traditionnelle Chinoise, le pouls, la langue et certaines zones sp\u00e9cifiques du corps (abdomen, points d\u2019acupuncture.) sont des indicateurs tr\u00e8s importants de l\u2019\u00e9tat de sant\u00e9 du patient.<a class=\"more-link\" href=\"http:\/\/medecinechinoise-massage.com\/index.php\/deroulement-seance\/\">Read More<span>&#8594;<\/span><\/a><\/p>\n","protected":false},"author":1,"featured_media":293,"parent":0,"menu_order":0,"comment_status":"closed","ping_status":"closed","template":"template-full-width.php","meta":[],"_links":{"self":[{"href":"http:\/\/medecinechinoise-massage.com\/index.php\/wp-json\/wp\/v2\/pages\/69"}],"collection":[{"href":"http:\/\/medecinechinoise-massage.com\/index.php\/wp-json\/wp\/v2\/pages"}],"about":[{"href":"http:\/\/medecinechinoise-massage.com\/index.php\/wp-json\/wp\/v2\/types\/page"}],"author":[{"embeddable":true,"href":"http:\/\/medecinechinoise-massage.com\/index.php\/wp-json\/wp\/v2\/users\/1"}],"replies":[{"embeddable":true,"href":"http:\/\/medecinechinoise-massage.com\/index.php\/wp-json\/wp\/v2\/comments?post=69"}],"version-history":[{"count":7,"href":"http:\/\/medecinechinoise-massage.com\/index.php\/wp-json\/wp\/v2\/pages\/69\/revisions"}],"predecessor-version":[{"id":232,"href":"http:\/\/medecinechinoise-massage.com\/index.php\/wp-json\/wp\/v2\/pages\/69\/revisions\/232"}],"wp:featuredmedia":[{"embeddable":true,"href":"http:\/\/medecinechinoise-massage.com\/index.php\/wp-json\/wp\/v2\/media\/293"}],"wp:attachment":[{"href":"http:\/\/medecinechinoise-massage.com\/index.php\/wp-json\/wp\/v2\/media?parent=69"}],"curies":[{"name":"wp","href":"https:\/\/api.w.org\/{rel}","templated":true}]}}