{"id":121,"date":"2017-06-01T12:16:53","date_gmt":"2017-06-01T10:16:53","guid":{"rendered":"http:\/\/medecinechinoise-massage.com\/?page_id=121"},"modified":"2017-06-21T14:06:54","modified_gmt":"2017-06-21T12:06:54","slug":"le-nursing-touch","status":"publish","type":"page","link":"http:\/\/medecinechinoise-massage.com\/index.php\/le-nursing-touch\/","title":{"rendered":"Le Nursing Touch"},"content":{"rendered":"<div class=\"csRow\">\n<div class=\"csColumnGap\" style=\"margin: 0px; padding: 0px; float: left; width: 1.56%;\"><img src=\"http:\/\/medecinechinoise-massage.com\/wp-content\/plugins\/advanced-wp-columns\/assets\/js\/plugins\/views\/img\/1x1-pixel.png\" \/><\/div>\n<div class=\"csColumn\" style=\"margin: 0px; padding: 0px; float: left; width: 47.7%;\" data-csstartpoint=\"15\" data-csendpoint=\"472.5\" data-cswidth=\"47.7%\" data-csid=\"3fca0e46-b1b0-cd7f-b48c-e873ed440cae\">\n<p>Le Nursing Touch est une technique de toucher apaisante et douce<br \/>\nqui apporte bien-\u00eatre, d\u00e9tente,t r\u00e9confort et soulage les douleurs.<br \/>\nElle consiste en une s\u00e9rie de mouvements doux, lents et r\u00e9p\u00e9titifs<br \/>\ntels l\u2019effleurage, ou la pression gliss\u00e9e l\u00e9g\u00e8re. Un protocole rythme<br \/>\nla s\u00e9ance dans un ordre bien pr\u00e9cis pour un effet d\u2019apaisement moral<br \/>\net physique.<\/p>\n<p>D\u00e9velopp\u00e9 au Etats-Unis et en Angleterre dans les services<br \/>\nde canc\u00e9rologie et les centres de soins palliatifs, elle f\u00fbt d\u2019abord pratiqu\u00e9e par le personnel soignant, d\u2019o\u00f9 son nom, litt\u00e9ralement<br \/>\n\u00ab\u00a0le toucher de l\u2019infirmi\u00e8re\u00a0\u00bb.<br \/>\nElle f\u00fbt ensuite formalis\u00e9e par une \u00e9quipe de professionnels de sant\u00e9<br \/>\nde la r\u00e9gion toulousaine. Aujourd\u2019hui, cette technique s\u2019\u00e9tend aux praticiens de sant\u00e9 naturelle et de bien-\u00eatre et se veut accessibles<br \/>\n\u00e0 tous, \u00e0 tous les \u00e2ges de la vie. Contrairement aux autres formes de massage, cette technique ne stimule que les r\u00e9cepteurs de la peau et n\u2019a aucune contre-indication.<\/p>\n<blockquote><p>Appel\u00e9 parfois \u00ab\u00a0hypnoth\u00e9rapie physique\u00a0\u00bb, il s\u2019agit d\u2019un tr\u00e8s bon accompagnement de la femme enceinte tout au long de la grossesse. Il peut \u00e9galement \u00eatre recommand\u00e9 aux personnes souffrant de pathologies lourdes pour apporter un meilleur confort de vie.<\/p><\/blockquote>\n<p>Ses bienfaits sont nombreux\u00a0:<\/p>\n<ul>\n<li>Am\u00e9lioration du bien-\u00eatre g\u00e9n\u00e9ral<\/li>\n<li>Soutien du syst\u00e8me immunitaire<\/li>\n<li>Soulagement des tensions physiques et psychologiques<\/li>\n<li>Diminution de la douleur<\/li>\n<li>R\u00e9duction du stress et des angoisses<\/li>\n<\/ul>\n<p><a href=\"http:\/\/www.lenursingtouch.fr\/\">http:\/\/www.lenursingtouch.fr\/<\/a><\/p>\n<\/div>\n<div class=\"csColumnGap\" style=\"margin: 0px; padding: 0px; float: left; width: 1.56%;\"><img src=\"http:\/\/medecinechinoise-massage.com\/wp-content\/plugins\/advanced-wp-columns\/assets\/js\/plugins\/views\/img\/1x1-pixel.png\" \/><\/div>\n<div class=\"csColumn\" style=\"margin: 0px; padding: 0px; float: left; width: 47.7%;\" data-csstartpoint=\"487.5\" data-csendpoint=\"945\" data-cswidth=\"47.7%\" data-csid=\"a9ae2131-8d5f-13f0-9240-3154ba1d063e\">\n<p><img loading=\"lazy\" class=\"aligncenter size-medium wp-image-199\" src=\"http:\/\/medecinechinoise-massage.com\/wp-content\/uploads\/2017\/06\/Nursing-touch-300x200.jpg\" alt=\"\" width=\"300\" height=\"200\" srcset=\"http:\/\/medecinechinoise-massage.com\/wp-content\/uploads\/2017\/06\/Nursing-touch-300x200.jpg 300w, http:\/\/medecinechinoise-massage.com\/wp-content\/uploads\/2017\/06\/Nursing-touch.jpg 602w\" sizes=\"(max-width: 300px) 100vw, 300px\" \/><\/p>\n<\/div>\n<div class=\"csColumnGap\" style=\"margin: 0px; padding: 0px; float: left; width: 1.56%;\"><img src=\"http:\/\/medecinechinoise-massage.com\/wp-content\/plugins\/advanced-wp-columns\/assets\/js\/plugins\/views\/img\/1x1-pixel.png\" \/><\/div>\n<div style=\"clear: both; float: none; display: block; visibility: hidden; width: 0px; font-size: 0px; line-height: 0;\"><\/div>\n<\/div>\n<p>&nbsp;<\/p>\n","protected":false},"excerpt":{"rendered":"<p>Le Nursing Touch est une technique de toucher apaisante et douce qui apporte bien-\u00eatre, d\u00e9tente,t r\u00e9confort et soulage les douleurs. Elle consiste en une s\u00e9rie de mouvements doux, lents et r\u00e9p\u00e9titifs tels l\u2019effleurage, ou la pression gliss\u00e9e l\u00e9g\u00e8re. Un protocole rythme la s\u00e9ance dans un ordre bien pr\u00e9cis pour un effet d\u2019apaisement moral et physique. D\u00e9velopp\u00e9 au Etats-Unis et en Angleterre dans les services de canc\u00e9rologie et les centres de soins palliatifs, elle f\u00fbt d\u2019abord pratiqu\u00e9e par le personnel soignant,<a class=\"more-link\" href=\"http:\/\/medecinechinoise-massage.com\/index.php\/le-nursing-touch\/\">Read More<span>&#8594;<\/span><\/a><\/p>\n","protected":false},"author":1,"featured_media":0,"parent":0,"menu_order":0,"comment_status":"closed","ping_status":"closed","template":"template-full-width.php","meta":[],"_links":{"self":[{"href":"http:\/\/medecinechinoise-massage.com\/index.php\/wp-json\/wp\/v2\/pages\/121"}],"collection":[{"href":"http:\/\/medecinechinoise-massage.com\/index.php\/wp-json\/wp\/v2\/pages"}],"about":[{"href":"http:\/\/medecinechinoise-massage.com\/index.php\/wp-json\/wp\/v2\/types\/page"}],"author":[{"embeddable":true,"href":"http:\/\/medecinechinoise-massage.com\/index.php\/wp-json\/wp\/v2\/users\/1"}],"replies":[{"embeddable":true,"href":"http:\/\/medecinechinoise-massage.com\/index.php\/wp-json\/wp\/v2\/comments?post=121"}],"version-history":[{"count":4,"href":"http:\/\/medecinechinoise-massage.com\/index.php\/wp-json\/wp\/v2\/pages\/121\/revisions"}],"predecessor-version":[{"id":309,"href":"http:\/\/medecinechinoise-massage.com\/index.php\/wp-json\/wp\/v2\/pages\/121\/revisions\/309"}],"wp:attachment":[{"href":"http:\/\/medecinechinoise-massage.com\/index.php\/wp-json\/wp\/v2\/media?parent=121"}],"curies":[{"name":"wp","href":"https:\/\/api.w.org\/{rel}","templated":true}]}}