{"id":119,"date":"2017-06-01T12:15:48","date_gmt":"2017-06-01T10:15:48","guid":{"rendered":"http:\/\/medecinechinoise-massage.com\/?page_id=119"},"modified":"2017-06-21T09:12:44","modified_gmt":"2017-06-21T07:12:44","slug":"tuina","status":"publish","type":"page","link":"http:\/\/medecinechinoise-massage.com\/index.php\/tuina\/","title":{"rendered":"Tuina"},"content":{"rendered":"<div class=\"csRow\">\n<div class=\"csColumnGap\" style=\"margin: 0px; padding: 0px; float: left; width: 1.56%;\"><img src=\"http:\/\/medecinechinoise-massage.com\/wp-content\/plugins\/advanced-wp-columns\/assets\/js\/plugins\/views\/img\/1x1-pixel.png\" \/><\/div>\n<\/div>\n<div class=\"csRow\">\n<div class=\"csColumn\" style=\"margin: 0px; padding: 0px; float: left; width: 47.7%;\" data-csstartpoint=\"15\" data-csendpoint=\"472.5\" data-cswidth=\"47.7%\" data-csid=\"bdfc5eed-0416-658d-a296-eab1c2a93ac2\">\n<p>Le Tui Na est une technique de massage qui fait partie de la culture chinoise depuis des mill\u00e9naires. Relaxant, c\u2019est \u00e9galement un massage revigorant et r\u00e9g\u00e9n\u00e9rant, agissant ainsi sur un plan physique mais \u00e9galement psychologique. Cette technique a plusieurs atouts :<\/p>\n<ul>\n<li>\u00e9liminer les blocages,<\/li>\n<li>stimuler les capacit\u00e9s d\u2019auto gu\u00e9rison de l\u2019organisme,<\/li>\n<li>favoriser la circulation sanguine<\/li>\n<li>contribuer \u00e0 diminuer les douleurs.<\/li>\n<\/ul>\n<p>Ainsi, il peut permettre de soulager de nombreux maux (rhume, migraine, stress, douleurs musculaires, tendinites, etc.)<\/p>\n<p>\u00ab\u00a0Tui\u00a0\u00bb signifie \u00ab\u00a0pousser\u00a0\u00bb et \u00ab\u00a0Na\u00a0\u00bb, \u00ab\u00a0saisir\u00a0\u00bb. Parfois, il est associ\u00e9 au terme \u00ab\u00a0Anmo\u00a0\u00bb qui signifie \u00ab\u00a0appuyer\u00a0\u00bb (an) et \u00ab\u00a0frotter\u00a0\u00bb (mo). Le massage Tui Na regroupe plus de 300 techniques. Le masseur peut utiliser ses doigts, ses paumes de mains, se bras et ses avant-bras. Il peut masser tout le corps ou se concentrer sur une zone particuli\u00e8re (dos, pieds, etc.). Selon l\u2019analyse effectu\u00e9e au pr\u00e9alable avec le patient, ce massage peut prendre la forme de pressions subtiles et lentes (Yin Tui Na) ou de pressions plus dynamiques (Anmo Tui Na).<\/p>\n<blockquote><p>Bien que le massage Tui Na puisse \u00eatre pratiqu\u00e9 pour d\u00e9tendre l\u2019organisme, sa vis\u00e9e premi\u00e8re est th\u00e9rapeutique.<\/p><\/blockquote>\n<\/div>\n<div class=\"csColumnGap\" style=\"margin: 0px; padding: 0px; float: left; width: 1.56%;\"><img src=\"http:\/\/medecinechinoise-massage.com\/wp-content\/plugins\/advanced-wp-columns\/assets\/js\/plugins\/views\/img\/1x1-pixel.png\" \/><\/div>\n<div class=\"csColumn\" style=\"margin: 0px; padding: 0px; float: left; width: 47.7%;\" data-csstartpoint=\"487.5\" data-csendpoint=\"945\" data-cswidth=\"47.7%\" data-csid=\"554cff5f-6e38-9b06-b147-d976f8ab5e3e\">\n<p><img loading=\"lazy\" class=\"size-medium wp-image-247 aligncenter\" src=\"http:\/\/medecinechinoise-massage.com\/wp-content\/uploads\/2017\/06\/tuina-300x200.jpg\" alt=\"\" width=\"300\" height=\"200\" srcset=\"http:\/\/medecinechinoise-massage.com\/wp-content\/uploads\/2017\/06\/tuina-300x200.jpg 300w, http:\/\/medecinechinoise-massage.com\/wp-content\/uploads\/2017\/06\/tuina.jpg 567w\" sizes=\"(max-width: 300px) 100vw, 300px\" \/><\/p>\n<\/div>\n<div class=\"csColumnGap\" style=\"margin: 0px; padding: 0px; float: left; width: 1.56%;\"><img src=\"http:\/\/medecinechinoise-massage.com\/wp-content\/plugins\/advanced-wp-columns\/assets\/js\/plugins\/views\/img\/1x1-pixel.png\" \/><\/div>\n<div style=\"clear: both; float: none; display: block; visibility: hidden; width: 0px; font-size: 0px; line-height: 0;\"><\/div>\n<\/div>\n<p>&nbsp;<\/p>\n","protected":false},"excerpt":{"rendered":"<p>Le Tui Na est une technique de massage qui fait partie de la culture chinoise depuis des mill\u00e9naires. Relaxant, c\u2019est \u00e9galement un massage revigorant et r\u00e9g\u00e9n\u00e9rant, agissant ainsi sur un plan physique mais \u00e9galement psychologique. Cette technique a plusieurs atouts : \u00e9liminer les blocages, stimuler les capacit\u00e9s d\u2019auto gu\u00e9rison de l\u2019organisme, favoriser la circulation sanguine contribuer \u00e0 diminuer les douleurs. Ainsi, il peut permettre de soulager de nombreux maux (rhume, migraine, stress, douleurs musculaires, tendinites, etc.) \u00ab\u00a0Tui\u00a0\u00bb signifie \u00ab\u00a0pousser\u00a0\u00bb et<a class=\"more-link\" href=\"http:\/\/medecinechinoise-massage.com\/index.php\/tuina\/\">Read More<span>&#8594;<\/span><\/a><\/p>\n","protected":false},"author":1,"featured_media":0,"parent":0,"menu_order":0,"comment_status":"closed","ping_status":"closed","template":"template-full-width.php","meta":[],"_links":{"self":[{"href":"http:\/\/medecinechinoise-massage.com\/index.php\/wp-json\/wp\/v2\/pages\/119"}],"collection":[{"href":"http:\/\/medecinechinoise-massage.com\/index.php\/wp-json\/wp\/v2\/pages"}],"about":[{"href":"http:\/\/medecinechinoise-massage.com\/index.php\/wp-json\/wp\/v2\/types\/page"}],"author":[{"embeddable":true,"href":"http:\/\/medecinechinoise-massage.com\/index.php\/wp-json\/wp\/v2\/users\/1"}],"replies":[{"embeddable":true,"href":"http:\/\/medecinechinoise-massage.com\/index.php\/wp-json\/wp\/v2\/comments?post=119"}],"version-history":[{"count":5,"href":"http:\/\/medecinechinoise-massage.com\/index.php\/wp-json\/wp\/v2\/pages\/119\/revisions"}],"predecessor-version":[{"id":282,"href":"http:\/\/medecinechinoise-massage.com\/index.php\/wp-json\/wp\/v2\/pages\/119\/revisions\/282"}],"wp:attachment":[{"href":"http:\/\/medecinechinoise-massage.com\/index.php\/wp-json\/wp\/v2\/media?parent=119"}],"curies":[{"name":"wp","href":"https:\/\/api.w.org\/{rel}","templated":true}]}}