{"id":106,"date":"2017-06-01T12:08:21","date_gmt":"2017-06-01T10:08:21","guid":{"rendered":"http:\/\/medecinechinoise-massage.com\/?page_id=106"},"modified":"2017-06-21T12:40:35","modified_gmt":"2017-06-21T10:40:35","slug":"massage-thailandais","status":"publish","type":"page","link":"http:\/\/medecinechinoise-massage.com\/index.php\/massage-thailandais\/","title":{"rendered":"Massage Tha\u00eflandais"},"content":{"rendered":"<div class=\"csRow\">\n<div class=\"csColumnGap\" style=\"margin: 0px; padding: 0px; float: left; width: 1.56%;\"><img src=\"http:\/\/medecinechinoise-massage.com\/wp-content\/plugins\/advanced-wp-columns\/assets\/js\/plugins\/views\/img\/1x1-pixel.png\" \/><\/div>\n<div class=\"csColumn\" style=\"margin: 0px; padding: 0px; float: left; width: 47.6%;\" data-csstartpoint=\"15\" data-csendpoint=\"472\" data-cswidth=\"47.6%\" data-csid=\"f61e3651-a3c4-93b7-b249-300a5bfe1ee2\">\n<p>Le massage tha\u00eflandais (ou massage tha\u00ef) est une pratique pr\u00e9ventive<br \/>\net th\u00e9rapeutique compl\u00e8te qui associe les vertus de diff\u00e9rentes techniques. Originaire d\u2019Inde, il tire ses sources des principes bouddhistes, des pratiques ayurv\u00e9diques, de la M\u00e9decine Traditionnelle Chinoise ainsi que des postures de yoga.Se pratiquant au sol sur un futon, deux \u00e9l\u00e9ments caract\u00e9risent le massage tha\u00ef :<\/p>\n<ul>\n<li>Les exercices d\u2019\u00e9tirement \u00e0 la fois dynamiques et fluides<br \/>\nqui ont pour but de d\u00e9tendre les muscles afin de lib\u00e9rer les tensions.<\/li>\n<li>Le travail \u00ab\u00a0\u00e9nerg\u00e9tique\u00a0\u00bb qui consiste \u00e0 exercer des massages et<br \/>\ndes pressions \u00e0 l\u2019aide des paumes et des pouces sur des r\u00e9gions<br \/>\nou des points pr\u00e9cis du corps. Le th\u00e9rapeute peut \u00e9galement utiliser ses bras, ses avant-bras, ses coudes et ses pieds. Lors de ces manipulations, une attention particuli\u00e8re est port\u00e9e sur la\u00a0respiration,\u00a0favorisant<br \/>\nla circulation sanguine et lymphatique et l\u2019\u00e9limination des\u00a0toxines.<\/li>\n<\/ul>\n<p>Les bienfaits du massage tha\u00ef\u00a0:<\/p>\n<ul>\n<li>Soulager les douleurs dorsales<\/li>\n<li>Traiter les probl\u00e8mes de circulation<\/li>\n<li>Apaiser les maux de t\u00eate et les angoisses<\/li>\n<li>R\u00e9duire les troubles du sommeil, la fatigue g\u00e9n\u00e9ralis\u00e9e, le stress<\/li>\n<li>Gagner en souplesse pour b\u00e9n\u00e9ficier d\u2019une meilleure amplitude<br \/>\ndans les mouvements<\/li>\n<li>Induire un effet de bien-\u00eatre g\u00e9n\u00e9ral, autant physique que mental<\/li>\n<\/ul>\n<p>Pratiqu\u00e9 r\u00e9guli\u00e8rement, le massage thai rend la vie quotidienne<br \/>\nplus harmonieuse.<\/p>\n<\/div>\n<div class=\"csColumnGap\" style=\"margin: 0px; padding: 0px; float: left; width: 1.56%;\"><img src=\"http:\/\/medecinechinoise-massage.com\/wp-content\/plugins\/advanced-wp-columns\/assets\/js\/plugins\/views\/img\/1x1-pixel.png\" \/><\/div>\n<div class=\"csColumn\" style=\"margin: 0px; padding: 0px; float: left; width: 47.7%;\" data-csstartpoint=\"487\" data-csendpoint=\"945\" data-cswidth=\"47.7%\" data-csid=\"052246ea-fef6-37e8-b8f8-0a570e2b625b\">\n<p>\u00a0<img loading=\"lazy\" class=\"aligncenter size-medium wp-image-197\" src=\"http:\/\/medecinechinoise-massage.com\/wp-content\/uploads\/2017\/06\/massage-thai-200x300.jpg\" alt=\"\" width=\"200\" height=\"300\" srcset=\"http:\/\/medecinechinoise-massage.com\/wp-content\/uploads\/2017\/06\/massage-thai-200x300.jpg 200w, http:\/\/medecinechinoise-massage.com\/wp-content\/uploads\/2017\/06\/massage-thai.jpg 402w\" sizes=\"(max-width: 200px) 100vw, 200px\" \/><\/p>\n<\/div>\n<div class=\"csColumnGap\" style=\"margin: 0px; padding: 0px; float: left; width: 1.56%;\"><img src=\"http:\/\/medecinechinoise-massage.com\/wp-content\/plugins\/advanced-wp-columns\/assets\/js\/plugins\/views\/img\/1x1-pixel.png\" \/><\/div>\n<div style=\"clear: both; float: none; display: block; visibility: hidden; width: 0px; font-size: 0px; line-height: 0;\"><\/div>\n<\/div>\n<p>&nbsp;<\/p>\n","protected":false},"excerpt":{"rendered":"<p>Le massage tha\u00eflandais (ou massage tha\u00ef) est une pratique pr\u00e9ventive et th\u00e9rapeutique compl\u00e8te qui associe les vertus de diff\u00e9rentes techniques. Originaire d\u2019Inde, il tire ses sources des principes bouddhistes, des pratiques ayurv\u00e9diques, de la M\u00e9decine Traditionnelle Chinoise ainsi que des postures de yoga.Se pratiquant au sol sur un futon, deux \u00e9l\u00e9ments caract\u00e9risent le massage tha\u00ef : Les exercices d\u2019\u00e9tirement \u00e0 la fois dynamiques et fluides qui ont pour but de d\u00e9tendre les muscles afin de lib\u00e9rer les tensions. Le travail<a class=\"more-link\" href=\"http:\/\/medecinechinoise-massage.com\/index.php\/massage-thailandais\/\">Read More<span>&#8594;<\/span><\/a><\/p>\n","protected":false},"author":1,"featured_media":296,"parent":0,"menu_order":0,"comment_status":"closed","ping_status":"closed","template":"template-full-width.php","meta":[],"_links":{"self":[{"href":"http:\/\/medecinechinoise-massage.com\/index.php\/wp-json\/wp\/v2\/pages\/106"}],"collection":[{"href":"http:\/\/medecinechinoise-massage.com\/index.php\/wp-json\/wp\/v2\/pages"}],"about":[{"href":"http:\/\/medecinechinoise-massage.com\/index.php\/wp-json\/wp\/v2\/types\/page"}],"author":[{"embeddable":true,"href":"http:\/\/medecinechinoise-massage.com\/index.php\/wp-json\/wp\/v2\/users\/1"}],"replies":[{"embeddable":true,"href":"http:\/\/medecinechinoise-massage.com\/index.php\/wp-json\/wp\/v2\/comments?post=106"}],"version-history":[{"count":6,"href":"http:\/\/medecinechinoise-massage.com\/index.php\/wp-json\/wp\/v2\/pages\/106\/revisions"}],"predecessor-version":[{"id":262,"href":"http:\/\/medecinechinoise-massage.com\/index.php\/wp-json\/wp\/v2\/pages\/106\/revisions\/262"}],"wp:featuredmedia":[{"embeddable":true,"href":"http:\/\/medecinechinoise-massage.com\/index.php\/wp-json\/wp\/v2\/media\/296"}],"wp:attachment":[{"href":"http:\/\/medecinechinoise-massage.com\/index.php\/wp-json\/wp\/v2\/media?parent=106"}],"curies":[{"name":"wp","href":"https:\/\/api.w.org\/{rel}","templated":true}]}}